{"id":20,"date":"2026-03-03T10:35:26","date_gmt":"2026-03-03T09:35:26","guid":{"rendered":"https:\/\/creixerjoancarles.com\/?page_id=20"},"modified":"2026-03-10T16:07:58","modified_gmt":"2026-03-10T15:07:58","slug":"contacto","status":"publish","type":"page","link":"https:\/\/creixerjoancarles.com\/ca\/contacto\/","title":{"rendered":"Contacte"},"content":{"rendered":"\t\t<div data-elementor-type=\"wp-page\" data-elementor-id=\"20\" class=\"elementor elementor-20\" data-elementor-post-type=\"page\">\n\t\t\t\t<div class=\"elementor-element elementor-element-7e41449 e-con-full e-flex e-con e-parent\" data-id=\"7e41449\" data-element_type=\"container\" data-e-type=\"container\" data-settings=\"{&quot;background_background&quot;:&quot;classic&quot;}\">\n\t\t\t\t<div class=\"elementor-element elementor-element-b610d7e elementor-widget elementor-widget-heading\" data-id=\"b610d7e\" data-element_type=\"widget\" data-e-type=\"widget\" data-widget_type=\"heading.default\">\n\t\t\t\t\t<h1 class=\"elementor-heading-title elementor-size-default\">Contacto<\/h1>\t\t\t\t<\/div>\n\t\t\t\t<div class=\"elementor-element elementor-element-501d6d3 elementor-widget elementor-widget-image\" data-id=\"501d6d3\" data-element_type=\"widget\" data-e-type=\"widget\" data-widget_type=\"image.default\">\n\t\t\t\t\t\t\t\t\t\t\t\t\t\t\t<img decoding=\"async\" width=\"200\" height=\"100\" src=\"https:\/\/creixerjoancarles.com\/wp-content\/uploads\/2026\/03\/Diseno-sin-titulo-14-4.webp\" class=\"attachment-large size-large wp-image-148\" alt=\"\" srcset=\"https:\/\/creixerjoancarles.com\/wp-content\/uploads\/2026\/03\/Diseno-sin-titulo-14-4.webp 200w, https:\/\/creixerjoancarles.com\/wp-content\/uploads\/2026\/03\/Diseno-sin-titulo-14-4-18x9.webp 18w\" sizes=\"(max-width: 200px) 100vw, 200px\" \/>\t\t\t\t\t\t\t\t\t\t\t\t\t\t\t<\/div>\n\t\t\t\t<\/div>\n\t\t<div class=\"elementor-element elementor-element-be9d54b e-flex e-con-boxed e-con e-parent\" data-id=\"be9d54b\" data-element_type=\"container\" data-e-type=\"container\">\n\t\t\t\t\t<div class=\"e-con-inner\">\n\t\t<div class=\"elementor-element elementor-element-b2a6759 e-con-full e-flex e-con e-child\" data-id=\"b2a6759\" data-element_type=\"container\" data-e-type=\"container\">\n\t\t\t\t<div class=\"elementor-element elementor-element-4d4e3a3 elementor-widget elementor-widget-heading\" data-id=\"4d4e3a3\" data-element_type=\"widget\" data-e-type=\"widget\" data-widget_type=\"heading.default\">\n\t\t\t\t\t<h2 class=\"elementor-heading-title elementor-size-default\">Hablemos<\/h2>\t\t\t\t<\/div>\n\t\t\t\t<div class=\"elementor-element elementor-element-9ddfaac elementor-widget-divider--view-line elementor-widget elementor-widget-divider\" data-id=\"9ddfaac\" data-element_type=\"widget\" data-e-type=\"widget\" data-widget_type=\"divider.default\">\n\t\t\t\t\t\t\t<div class=\"elementor-divider\">\n\t\t\t<span class=\"elementor-divider-separator\">\n\t\t\t\t\t\t<\/span>\n\t\t<\/div>\n\t\t\t\t\t\t<\/div>\n\t\t\t\t<div class=\"elementor-element elementor-element-f79895d elementor-widget elementor-widget-text-editor\" data-id=\"f79895d\" data-element_type=\"widget\" data-e-type=\"widget\" data-widget_type=\"text-editor.default\">\n\t\t\t\t\t\t\t\t\t<p data-start=\"532\" data-end=\"745\">Si deseas ponerte en contacto conmigo, puedes hacerlo a trav\u00e9s de este formulario.<br data-start=\"484\" data-end=\"487\" \/>Estar\u00e9 a tu disposici\u00f3n para conocer tu propuesta o escuchar la situaci\u00f3n que te gustar\u00eda abordar y responderte lo antes posible.<\/p>\t\t\t\t\t\t\t\t<\/div>\n\t\t\t\t<div class=\"elementor-element elementor-element-5d2670e elementor-icon-list--layout-traditional elementor-list-item-link-full_width elementor-widget elementor-widget-icon-list\" data-id=\"5d2670e\" data-element_type=\"widget\" data-e-type=\"widget\" data-widget_type=\"icon-list.default\">\n\t\t\t\t\t\t\t<ul class=\"elementor-icon-list-items\">\n\t\t\t\t\t\t\t<li class=\"elementor-icon-list-item\">\n\t\t\t\t\t\t\t\t\t\t\t<span class=\"elementor-icon-list-icon\">\n\t\t\t\t\t\t\t<i aria-hidden=\"true\" class=\"lnr lnr-phone-handset\"><\/i>\t\t\t\t\t\t<\/span>\n\t\t\t\t\t\t\t\t\t\t<span class=\"elementor-icon-list-text\">  +34 617 420 639<\/span>\n\t\t\t\t\t\t\t\t\t<\/li>\n\t\t\t\t\t\t\t\t<li class=\"elementor-icon-list-item\">\n\t\t\t\t\t\t\t\t\t\t\t<span class=\"elementor-icon-list-icon\">\n\t\t\t\t\t\t\t<i aria-hidden=\"true\" class=\"lnr lnr-envelope\"><\/i>\t\t\t\t\t\t<\/span>\n\t\t\t\t\t\t\t\t\t\t<span class=\"elementor-icon-list-text\">info@creixerjoancales.com<br>creixerjoancarles@gmail.com<\/span>\n\t\t\t\t\t\t\t\t\t<\/li>\n\t\t\t\t\t\t\t\t<li class=\"elementor-icon-list-item\">\n\t\t\t\t\t\t\t\t\t\t\t<span class=\"elementor-icon-list-icon\">\n\t\t\t\t\t\t\t<i aria-hidden=\"true\" class=\"lnr lnr-map-marker\"><\/i>\t\t\t\t\t\t<\/span>\n\t\t\t\t\t\t\t\t\t\t<span class=\"elementor-icon-list-text\">c\/ d'\u00c8gara, 138,   08225 -Terrassa  <\/span>\n\t\t\t\t\t\t\t\t\t<\/li>\n\t\t\t\t\t\t<\/ul>\n\t\t\t\t\t\t<\/div>\n\t\t\t\t<div class=\"elementor-element elementor-element-b8200ae elementor-icon-list--layout-inline elementor-align-start elementor-mobile-align-center elementor-list-item-link-full_width elementor-widget elementor-widget-icon-list\" data-id=\"b8200ae\" data-element_type=\"widget\" data-e-type=\"widget\" data-widget_type=\"icon-list.default\">\n\t\t\t\t\t\t\t<ul class=\"elementor-icon-list-items elementor-inline-items\">\n\t\t\t\t\t\t\t<li class=\"elementor-icon-list-item elementor-inline-item\">\n\t\t\t\t\t\t\t\t\t\t\t<a href=\"https:\/\/www.instagram.com\/joancarlesfolia_coach\/\" target=\"_blank\">\n\n\t\t\t\t\t\t\t\t\t\t\t\t<span class=\"elementor-icon-list-icon\">\n\t\t\t\t\t\t\t<svg aria-hidden=\"true\" class=\"e-font-icon-svg e-fab-instagram\" viewBox=\"0 0 448 512\" xmlns=\"http:\/\/www.w3.org\/2000\/svg\"><path d=\"M224.1 141c-63.6 0-114.9 51.3-114.9 114.9s51.3 114.9 114.9 114.9S339 319.5 339 255.9 287.7 141 224.1 141zm0 189.6c-41.1 0-74.7-33.5-74.7-74.7s33.5-74.7 74.7-74.7 74.7 33.5 74.7 74.7-33.6 74.7-74.7 74.7zm146.4-194.3c0 14.9-12 26.8-26.8 26.8-14.9 0-26.8-12-26.8-26.8s12-26.8 26.8-26.8 26.8 12 26.8 26.8zm76.1 27.2c-1.7-35.9-9.9-67.7-36.2-93.9-26.2-26.2-58-34.4-93.9-36.2-37-2.1-147.9-2.1-184.9 0-35.8 1.7-67.6 9.9-93.9 36.1s-34.4 58-36.2 93.9c-2.1 37-2.1 147.9 0 184.9 1.7 35.9 9.9 67.7 36.2 93.9s58 34.4 93.9 36.2c37 2.1 147.9 2.1 184.9 0 35.9-1.7 67.7-9.9 93.9-36.2 26.2-26.2 34.4-58 36.2-93.9 2.1-37 2.1-147.8 0-184.8zM398.8 388c-7.8 19.6-22.9 34.7-42.6 42.6-29.5 11.7-99.5 9-132.1 9s-102.7 2.6-132.1-9c-19.6-7.8-34.7-22.9-42.6-42.6-11.7-29.5-9-99.5-9-132.1s-2.6-102.7 9-132.1c7.8-19.6 22.9-34.7 42.6-42.6 29.5-11.7 99.5-9 132.1-9s102.7-2.6 132.1 9c19.6 7.8 34.7 22.9 42.6 42.6 11.7 29.5 9 99.5 9 132.1s2.7 102.7-9 132.1z\"><\/path><\/svg>\t\t\t\t\t\t<\/span>\n\t\t\t\t\t\t\t\t\t\t<span class=\"elementor-icon-list-text\"><\/span>\n\t\t\t\t\t\t\t\t\t\t\t<\/a>\n\t\t\t\t\t\t\t\t\t<\/li>\n\t\t\t\t\t\t\t\t<li class=\"elementor-icon-list-item elementor-inline-item\">\n\t\t\t\t\t\t\t\t\t\t\t<a href=\"https:\/\/www.tiktok.com\/@jcfcoach\" target=\"_blank\">\n\n\t\t\t\t\t\t\t\t\t\t\t\t<span class=\"elementor-icon-list-icon\">\n\t\t\t\t\t\t\t<svg aria-hidden=\"true\" class=\"e-font-icon-svg e-fab-tiktok\" viewBox=\"0 0 448 512\" xmlns=\"http:\/\/www.w3.org\/2000\/svg\"><path d=\"M448,209.91a210.06,210.06,0,0,1-122.77-39.25V349.38A162.55,162.55,0,1,1,185,188.31V278.2a74.62,74.62,0,1,0,52.23,71.18V0l88,0a121.18,121.18,0,0,0,1.86,22.17h0A122.18,122.18,0,0,0,381,102.39a121.43,121.43,0,0,0,67,20.14Z\"><\/path><\/svg>\t\t\t\t\t\t<\/span>\n\t\t\t\t\t\t\t\t\t\t<span class=\"elementor-icon-list-text\"><\/span>\n\t\t\t\t\t\t\t\t\t\t\t<\/a>\n\t\t\t\t\t\t\t\t\t<\/li>\n\t\t\t\t\t\t\t\t<li class=\"elementor-icon-list-item elementor-inline-item\">\n\t\t\t\t\t\t\t\t\t\t\t<a href=\"https:\/\/x.com\/joancarlesfolia\" target=\"_blank\">\n\n\t\t\t\t\t\t\t\t\t\t\t\t<span class=\"elementor-icon-list-icon\">\n\t\t\t\t\t\t\t<svg aria-hidden=\"true\" class=\"e-font-icon-svg e-fab-x-twitter\" viewBox=\"0 0 512 512\" xmlns=\"http:\/\/www.w3.org\/2000\/svg\"><path d=\"M389.2 48h70.6L305.6 224.2 487 464H345L233.7 318.6 106.5 464H35.8L200.7 275.5 26.8 48H172.4L272.9 180.9 389.2 48zM364.4 421.8h39.1L151.1 88h-42L364.4 421.8z\"><\/path><\/svg>\t\t\t\t\t\t<\/span>\n\t\t\t\t\t\t\t\t\t\t<span class=\"elementor-icon-list-text\"><\/span>\n\t\t\t\t\t\t\t\t\t\t\t<\/a>\n\t\t\t\t\t\t\t\t\t<\/li>\n\t\t\t\t\t\t<\/ul>\n\t\t\t\t\t\t<\/div>\n\t\t\t\t<\/div>\n\t\t<div class=\"elementor-element elementor-element-e19815d e-con-full e-flex e-con e-child\" data-id=\"e19815d\" data-element_type=\"container\" data-e-type=\"container\" data-settings=\"{&quot;background_background&quot;:&quot;classic&quot;}\">\n\t\t\t\t<div class=\"elementor-element elementor-element-0847e84 elementor-button-align-stretch elementor-widget elementor-widget-form\" data-id=\"0847e84\" data-element_type=\"widget\" data-e-type=\"widget\" data-settings=\"{&quot;button_width&quot;:&quot;33&quot;,&quot;step_next_label&quot;:&quot;Siguiente&quot;,&quot;step_previous_label&quot;:&quot;Anterior&quot;,&quot;step_type&quot;:&quot;number_text&quot;,&quot;step_icon_shape&quot;:&quot;circle&quot;}\" data-widget_type=\"form.default\">\n\t\t\t\t\t\t\t<form class=\"elementor-form\" method=\"post\" name=\"Nuevo formulario\" aria-label=\"Nuevo formulario\">\n\t\t\t<input type=\"hidden\" name=\"post_id\" value=\"20\"\/>\n\t\t\t<input type=\"hidden\" name=\"form_id\" value=\"0847e84\"\/>\n\t\t\t<input type=\"hidden\" name=\"referer_title\" value=\"Contacto - CreixerJoanCarles.Com\" \/>\n\n\t\t\t\t\t\t\t<input type=\"hidden\" name=\"queried_id\" value=\"20\"\/>\n\t\t\t\n\t\t\t<div class=\"elementor-form-fields-wrapper elementor-labels-above\">\n\t\t\t\t\t\t\t\t<div class=\"elementor-field-type-text elementor-field-group elementor-column elementor-field-group-name elementor-col-100 elementor-field-required elementor-mark-required\">\n\t\t\t\t\t\t\t\t\t\t\t\t<label for=\"form-field-name\" class=\"elementor-field-label\">\n\t\t\t\t\t\t\t\tNombre\t\t\t\t\t\t\t<\/label>\n\t\t\t\t\t\t\t\t\t\t\t\t\t\t<input size=\"1\" type=\"text\" name=\"form_fields[name]\" id=\"form-field-name\" class=\"elementor-field elementor-size-sm  elementor-field-textual\" required=\"required\">\n\t\t\t\t\t\t\t\t\t\t\t<\/div>\n\t\t\t\t\t\t\t\t<div class=\"elementor-field-type-email elementor-field-group elementor-column elementor-field-group-email elementor-col-100 elementor-field-required elementor-mark-required\">\n\t\t\t\t\t\t\t\t\t\t\t\t<label for=\"form-field-email\" class=\"elementor-field-label\">\n\t\t\t\t\t\t\t\tCorreo electr\u00f3nico\t\t\t\t\t\t\t<\/label>\n\t\t\t\t\t\t\t\t\t\t\t\t\t\t<input size=\"1\" type=\"email\" name=\"form_fields[email]\" id=\"form-field-email\" class=\"elementor-field elementor-size-sm  elementor-field-textual\" required=\"required\">\n\t\t\t\t\t\t\t\t\t\t\t<\/div>\n\t\t\t\t\t\t\t\t<div class=\"elementor-field-type-textarea elementor-field-group elementor-column elementor-field-group-message elementor-col-100 elementor-field-required elementor-mark-required\">\n\t\t\t\t\t\t\t\t\t\t\t\t<label for=\"form-field-message\" class=\"elementor-field-label\">\n\t\t\t\t\t\t\t\tMensaje\t\t\t\t\t\t\t<\/label>\n\t\t\t\t\t\t<textarea class=\"elementor-field-textual elementor-field  elementor-size-sm\" name=\"form_fields[message]\" id=\"form-field-message\" rows=\"7\" required=\"required\"><\/textarea>\t\t\t\t<\/div>\n\t\t\t\t\t\t\t\t<div class=\"elementor-field-type-acceptance elementor-field-group elementor-column elementor-field-group-field_df50e59 elementor-col-100 elementor-field-required elementor-mark-required\">\n\t\t\t\t\t\t\t<div class=\"elementor-field-subgroup\">\n\t\t\t<span class=\"elementor-field-option\">\n\t\t\t\t<input type=\"checkbox\" name=\"form_fields[field_df50e59]\" id=\"form-field-field_df50e59\" class=\"elementor-field elementor-size-sm  elementor-acceptance-field\" required=\"required\">\n\t\t\t\t<label for=\"form-field-field_df50e59\">ACEPTO LA POL\u00cdTICA DE PRIVACIDAD<BR>A los efectos previstos en el Reglamento General de Protecci\u00f3n de Datos (RGPD), se le informa que los datos personales que nos facilita a trav\u00e9s de este formulario se incorporar\u00e1n a un fichero de Joan Carles  Folia. Puede ver informaci\u00f3n detallada en nuestro Aviso Legal y Pol\u00edtica de Privacidad<\/label>\t\t\t<\/span>\n\t\t<\/div>\n\t\t\t\t\t\t<\/div>\n\t\t\t\t\t\t\t\t<div class=\"elementor-field-type-recaptcha_v3 elementor-field-group elementor-column elementor-field-group-field_d2fc771 elementor-col-100 recaptcha_v3-bottomright\">\n\t\t\t\t\t<div class=\"elementor-field\" id=\"form-field-field_d2fc771\"><div class=\"elementor-g-recaptcha\" data-sitekey=\"6LeyA4YsAAAAACdapaIrMhaI8TnAe8T2jmZVgTbn\" data-type=\"v3\" data-action=\"Form\" data-badge=\"bottomright\" data-size=\"invisible\"><\/div><\/div>\t\t\t\t<\/div>\n\t\t\t\t\t\t\t\t<div class=\"elementor-field-group elementor-column elementor-field-type-submit elementor-col-33 e-form__buttons\">\n\t\t\t\t\t<button class=\"elementor-button elementor-size-sm\" type=\"submit\">\n\t\t\t\t\t\t<span class=\"elementor-button-content-wrapper\">\n\t\t\t\t\t\t\t\t\t\t\t\t\t\t\t\t\t\t\t\t\t\t<span class=\"elementor-button-text\">Enviar<\/span>\n\t\t\t\t\t\t\t\t\t\t\t\t\t<\/span>\n\t\t\t\t\t<\/button>\n\t\t\t\t<\/div>\n\t\t\t<\/div>\n\t\t<\/form>\n\t\t\t\t\t\t<\/div>\n\t\t\t\t<\/div>\n\t\t\t\t\t<\/div>\n\t\t\t\t<\/div>\n\t\t<div class=\"elementor-element elementor-element-608a866 e-con-full e-flex e-con e-parent\" data-id=\"608a866\" data-element_type=\"container\" data-e-type=\"container\">\n\t\t\t\t<div class=\"elementor-element elementor-element-17bbb73 elementor-widget elementor-widget-google_maps\" data-id=\"17bbb73\" data-element_type=\"widget\" data-e-type=\"widget\" data-widget_type=\"google_maps.default\">\n\t\t\t\t\t\t\t<div class=\"elementor-custom-embed\">\n\t\t\t<iframe loading=\"lazy\"\n\t\t\t\t\tsrc=\"https:\/\/maps.google.com\/maps?q=c%2F%20d%27%C3%88gara%2C%20138%2C%20%20%2008225%20Terrassa%20%20&#038;t=m&#038;z=12&#038;output=embed&#038;iwloc=near\"\n\t\t\t\t\ttitle=\"c\/ d&#039;\u00c8gara, 138,   08225 Terrassa  \"\n\t\t\t\t\taria-label=\"c\/ d&#039;\u00c8gara, 138,   08225 Terrassa  \"\n\t\t\t><\/iframe>\n\t\t<\/div>\n\t\t\t\t\t\t<\/div>\n\t\t\t\t<\/div>\n\t\t\t\t<\/div>\n\t\t","protected":false},"excerpt":{"rendered":"<p>Contacto Hablemos Si deseas ponerte en contacto conmigo, puedes hacerlo a trav\u00e9s de este formulario.Estar\u00e9 a tu disposici\u00f3n para conocer tu propuesta o escuchar la situaci\u00f3n que te gustar\u00eda abordar y responderte lo antes posible. +34 617 420 639 info@creixerjoancales.comcreixerjoancarles@gmail.com c\/ d&#8217;\u00c8gara, 138, 08225 -Terrassa<\/p>","protected":false},"author":2,"featured_media":0,"parent":0,"menu_order":0,"comment_status":"closed","ping_status":"closed","template":"elementor_header_footer","meta":{"_joinchat":[],"footnotes":""},"class_list":["post-20","page","type-page","status-publish","hentry"],"yoast_head":"<!-- This site is optimized with the Yoast SEO plugin v27.1.1 - https:\/\/yoast.com\/product\/yoast-seo-wordpress\/ -->\n<title>Contacto - CreixerJoanCarles.Com<\/title>\n<meta name=\"robots\" content=\"index, follow, max-snippet:-1, max-image-preview:large, max-video-preview:-1\" \/>\n<link rel=\"canonical\" href=\"https:\/\/creixerjoancarles.com\/ca\/contacto\/\" \/>\n<meta property=\"og:locale\" content=\"ca_ES\" \/>\n<meta property=\"og:type\" content=\"article\" \/>\n<meta property=\"og:title\" content=\"Contacto - CreixerJoanCarles.Com\" \/>\n<meta property=\"og:description\" content=\"Contacto Hablemos Si deseas ponerte en contacto conmigo, puedes hacerlo a trav\u00e9s de este formulario.Estar\u00e9 a tu disposici\u00f3n para conocer tu propuesta o escuchar la situaci\u00f3n que te gustar\u00eda abordar y responderte lo antes posible. +34 617 420 639 info@creixerjoancales.comcreixerjoancarles@gmail.com c\/ d&#8217;\u00c8gara, 138, 08225 -Terrassa\" \/>\n<meta property=\"og:url\" content=\"https:\/\/creixerjoancarles.com\/ca\/contacto\/\" \/>\n<meta property=\"og:site_name\" content=\"CreixerJoanCarles.Com\" \/>\n<meta property=\"article:modified_time\" content=\"2026-03-10T15:07:58+00:00\" \/>\n<meta property=\"og:image\" content=\"https:\/\/creixerjoancarles.com\/wp-content\/uploads\/2026\/03\/Diseno-sin-titulo-14-4.webp\" \/>\n\t<meta property=\"og:image:width\" content=\"200\" \/>\n\t<meta property=\"og:image:height\" content=\"100\" \/>\n\t<meta property=\"og:image:type\" content=\"image\/webp\" \/>\n<meta name=\"twitter:card\" content=\"summary_large_image\" \/>\n<meta name=\"twitter:label1\" content=\"Temps estimat de lectura\" \/>\n\t<meta name=\"twitter:data1\" content=\"1 minut\" \/>\n<script type=\"application\/ld+json\" class=\"yoast-schema-graph\">{\"@context\":\"https:\/\/schema.org\",\"@graph\":[{\"@type\":\"WebPage\",\"@id\":\"https:\/\/creixerjoancarles.com\/contacto\/\",\"url\":\"https:\/\/creixerjoancarles.com\/contacto\/\",\"name\":\"Contacto - CreixerJoanCarles.Com\",\"isPartOf\":{\"@id\":\"https:\/\/creixerjoancarles.com\/#website\"},\"primaryImageOfPage\":{\"@id\":\"https:\/\/creixerjoancarles.com\/contacto\/#primaryimage\"},\"image\":{\"@id\":\"https:\/\/creixerjoancarles.com\/contacto\/#primaryimage\"},\"thumbnailUrl\":\"https:\/\/creixerjoancarles.com\/wp-content\/uploads\/2026\/03\/Diseno-sin-titulo-14-4.webp\",\"datePublished\":\"2026-03-03T09:35:26+00:00\",\"dateModified\":\"2026-03-10T15:07:58+00:00\",\"breadcrumb\":{\"@id\":\"https:\/\/creixerjoancarles.com\/contacto\/#breadcrumb\"},\"inLanguage\":\"ca\",\"potentialAction\":[{\"@type\":\"ReadAction\",\"target\":[\"https:\/\/creixerjoancarles.com\/contacto\/\"]}]},{\"@type\":\"ImageObject\",\"inLanguage\":\"ca\",\"@id\":\"https:\/\/creixerjoancarles.com\/contacto\/#primaryimage\",\"url\":\"https:\/\/creixerjoancarles.com\/wp-content\/uploads\/2026\/03\/Diseno-sin-titulo-14-4.webp\",\"contentUrl\":\"https:\/\/creixerjoancarles.com\/wp-content\/uploads\/2026\/03\/Diseno-sin-titulo-14-4.webp\"},{\"@type\":\"BreadcrumbList\",\"@id\":\"https:\/\/creixerjoancarles.com\/contacto\/#breadcrumb\",\"itemListElement\":[{\"@type\":\"ListItem\",\"position\":1,\"name\":\"Portada\",\"item\":\"https:\/\/creixerjoancarles.com\/\"},{\"@type\":\"ListItem\",\"position\":2,\"name\":\"Contacto\"}]},{\"@type\":\"WebSite\",\"@id\":\"https:\/\/creixerjoancarles.com\/#website\",\"url\":\"https:\/\/creixerjoancarles.com\/\",\"name\":\"CreixerJoanCarles.Com\",\"description\":\"\",\"publisher\":{\"@id\":\"https:\/\/creixerjoancarles.com\/#organization\"},\"potentialAction\":[{\"@type\":\"SearchAction\",\"target\":{\"@type\":\"EntryPoint\",\"urlTemplate\":\"https:\/\/creixerjoancarles.com\/?s={search_term_string}\"},\"query-input\":{\"@type\":\"PropertyValueSpecification\",\"valueRequired\":true,\"valueName\":\"search_term_string\"}}],\"inLanguage\":\"ca\"},{\"@type\":\"Organization\",\"@id\":\"https:\/\/creixerjoancarles.com\/#organization\",\"name\":\"CreixerJoanCarles.Com\",\"url\":\"https:\/\/creixerjoancarles.com\/\",\"logo\":{\"@type\":\"ImageObject\",\"inLanguage\":\"ca\",\"@id\":\"https:\/\/creixerjoancarles.com\/#\/schema\/logo\/image\/\",\"url\":\"https:\/\/creixerjoancarles.com\/wp-content\/uploads\/2026\/03\/image.png\",\"contentUrl\":\"https:\/\/creixerjoancarles.com\/wp-content\/uploads\/2026\/03\/image.png\",\"width\":1188,\"height\":427,\"caption\":\"CreixerJoanCarles.Com\"},\"image\":{\"@id\":\"https:\/\/creixerjoancarles.com\/#\/schema\/logo\/image\/\"}}]}<\/script>\n<!-- \/ Yoast SEO plugin. -->","yoast_head_json":{"title":"Contacto - CreixerJoanCarles.Com","robots":{"index":"index","follow":"follow","max-snippet":"max-snippet:-1","max-image-preview":"max-image-preview:large","max-video-preview":"max-video-preview:-1"},"canonical":"https:\/\/creixerjoancarles.com\/ca\/contacto\/","og_locale":"ca_ES","og_type":"article","og_title":"Contacto - CreixerJoanCarles.Com","og_description":"Contacto Hablemos Si deseas ponerte en contacto conmigo, puedes hacerlo a trav\u00e9s de este formulario.Estar\u00e9 a tu disposici\u00f3n para conocer tu propuesta o escuchar la situaci\u00f3n que te gustar\u00eda abordar y responderte lo antes posible. +34 617 420 639 info@creixerjoancales.comcreixerjoancarles@gmail.com c\/ d&#8217;\u00c8gara, 138, 08225 -Terrassa","og_url":"https:\/\/creixerjoancarles.com\/ca\/contacto\/","og_site_name":"CreixerJoanCarles.Com","article_modified_time":"2026-03-10T15:07:58+00:00","og_image":[{"width":200,"height":100,"url":"https:\/\/creixerjoancarles.com\/wp-content\/uploads\/2026\/03\/Diseno-sin-titulo-14-4.webp","type":"image\/webp"}],"twitter_card":"summary_large_image","twitter_misc":{"Temps estimat de lectura":"1 minut"},"schema":{"@context":"https:\/\/schema.org","@graph":[{"@type":"WebPage","@id":"https:\/\/creixerjoancarles.com\/contacto\/","url":"https:\/\/creixerjoancarles.com\/contacto\/","name":"Contacto - CreixerJoanCarles.Com","isPartOf":{"@id":"https:\/\/creixerjoancarles.com\/#website"},"primaryImageOfPage":{"@id":"https:\/\/creixerjoancarles.com\/contacto\/#primaryimage"},"image":{"@id":"https:\/\/creixerjoancarles.com\/contacto\/#primaryimage"},"thumbnailUrl":"https:\/\/creixerjoancarles.com\/wp-content\/uploads\/2026\/03\/Diseno-sin-titulo-14-4.webp","datePublished":"2026-03-03T09:35:26+00:00","dateModified":"2026-03-10T15:07:58+00:00","breadcrumb":{"@id":"https:\/\/creixerjoancarles.com\/contacto\/#breadcrumb"},"inLanguage":"ca","potentialAction":[{"@type":"ReadAction","target":["https:\/\/creixerjoancarles.com\/contacto\/"]}]},{"@type":"ImageObject","inLanguage":"ca","@id":"https:\/\/creixerjoancarles.com\/contacto\/#primaryimage","url":"https:\/\/creixerjoancarles.com\/wp-content\/uploads\/2026\/03\/Diseno-sin-titulo-14-4.webp","contentUrl":"https:\/\/creixerjoancarles.com\/wp-content\/uploads\/2026\/03\/Diseno-sin-titulo-14-4.webp"},{"@type":"BreadcrumbList","@id":"https:\/\/creixerjoancarles.com\/contacto\/#breadcrumb","itemListElement":[{"@type":"ListItem","position":1,"name":"Portada","item":"https:\/\/creixerjoancarles.com\/"},{"@type":"ListItem","position":2,"name":"Contacto"}]},{"@type":"WebSite","@id":"https:\/\/creixerjoancarles.com\/#website","url":"https:\/\/creixerjoancarles.com\/","name":"CreixerJoanCarles.Com","description":"","publisher":{"@id":"https:\/\/creixerjoancarles.com\/#organization"},"potentialAction":[{"@type":"SearchAction","target":{"@type":"EntryPoint","urlTemplate":"https:\/\/creixerjoancarles.com\/?s={search_term_string}"},"query-input":{"@type":"PropertyValueSpecification","valueRequired":true,"valueName":"search_term_string"}}],"inLanguage":"ca"},{"@type":"Organization","@id":"https:\/\/creixerjoancarles.com\/#organization","name":"CreixerJoanCarles.Com","url":"https:\/\/creixerjoancarles.com\/","logo":{"@type":"ImageObject","inLanguage":"ca","@id":"https:\/\/creixerjoancarles.com\/#\/schema\/logo\/image\/","url":"https:\/\/creixerjoancarles.com\/wp-content\/uploads\/2026\/03\/image.png","contentUrl":"https:\/\/creixerjoancarles.com\/wp-content\/uploads\/2026\/03\/image.png","width":1188,"height":427,"caption":"CreixerJoanCarles.Com"},"image":{"@id":"https:\/\/creixerjoancarles.com\/#\/schema\/logo\/image\/"}}]}},"_links":{"self":[{"href":"https:\/\/creixerjoancarles.com\/ca\/wp-json\/wp\/v2\/pages\/20","targetHints":{"allow":["GET"]}}],"collection":[{"href":"https:\/\/creixerjoancarles.com\/ca\/wp-json\/wp\/v2\/pages"}],"about":[{"href":"https:\/\/creixerjoancarles.com\/ca\/wp-json\/wp\/v2\/types\/page"}],"author":[{"embeddable":true,"href":"https:\/\/creixerjoancarles.com\/ca\/wp-json\/wp\/v2\/users\/2"}],"replies":[{"embeddable":true,"href":"https:\/\/creixerjoancarles.com\/ca\/wp-json\/wp\/v2\/comments?post=20"}],"version-history":[{"count":49,"href":"https:\/\/creixerjoancarles.com\/ca\/wp-json\/wp\/v2\/pages\/20\/revisions"}],"predecessor-version":[{"id":837,"href":"https:\/\/creixerjoancarles.com\/ca\/wp-json\/wp\/v2\/pages\/20\/revisions\/837"}],"wp:attachment":[{"href":"https:\/\/creixerjoancarles.com\/ca\/wp-json\/wp\/v2\/media?parent=20"}],"curies":[{"name":"wp","href":"https:\/\/api.w.org\/{rel}","templated":true}]}}